{"id":1026,"date":"2026-02-24T17:57:39","date_gmt":"2026-02-24T17:57:39","guid":{"rendered":"https:\/\/www.no2pain.com\/?page_id=1026"},"modified":"2026-02-25T16:54:57","modified_gmt":"2026-02-25T16:54:57","slug":"terapia-de-masaje-quiropractico","status":"publish","type":"page","link":"https:\/\/www.no2pain.com\/es\/chiropractic-massage-therapy\/","title":{"rendered":"Terapia de masaje quiropr\u00e1ctico"},"content":{"rendered":"<div data-elementor-type=\"wp-page\" data-elementor-id=\"1026\" class=\"elementor elementor-1026\" data-elementor-post-type=\"page\">\n\t\t\t\t<div class=\"elementor-element elementor-element-e8fea79 e-flex e-con-boxed e-con e-parent\" data-id=\"e8fea79\" data-element_type=\"container\" data-e-type=\"container\" data-settings=\"{&quot;background_background&quot;:&quot;classic&quot;}\">\n\t\t\t\t\t<div class=\"e-con-inner\">\n\t\t<div class=\"elementor-element elementor-element-2a2d348 e-con-full e-flex e-con e-child\" data-id=\"2a2d348\" data-element_type=\"container\" data-e-type=\"container\" data-settings=\"{&quot;background_background&quot;:&quot;classic&quot;}\">\n\t\t\t\t<div class=\"elementor-element elementor-element-0215607 elementor-invisible elementor-widget elementor-widget-heading\" data-id=\"0215607\" data-element_type=\"widget\" data-e-type=\"widget\" data-settings=\"{&quot;_animation&quot;:&quot;fadeInLeft&quot;}\" data-widget_type=\"heading.default\">\n\t\t\t\t\t<h2 class=\"elementor-heading-title elementor-size-default\">Terapia de masaje quiropr\u00e1ctico<\/h2>\t\t\t\t<\/div>\n\t\t\t\t<div class=\"elementor-element elementor-element-dcdb1bf elementor-icon-list--layout-inline elementor-list-item-link-full_width elementor-invisible elementor-widget elementor-widget-icon-list\" data-id=\"dcdb1bf\" data-element_type=\"widget\" data-e-type=\"widget\" data-settings=\"{&quot;_animation&quot;:&quot;fadeInLeft&quot;,&quot;_animation_delay&quot;:480}\" data-widget_type=\"icon-list.default\">\n\t\t\t\t\t\t\t<ul class=\"elementor-icon-list-items elementor-inline-items\">\n\t\t\t\t\t\t\t<li class=\"elementor-icon-list-item elementor-inline-item\">\n\t\t\t\t\t\t\t\t\t\t\t<a href=\"#\">\n\n\t\t\t\t\t\t\t\t\t\t\t<span class=\"elementor-icon-list-text\">Inicio<\/span>\n\t\t\t\t\t\t\t\t\t\t\t<\/a>\n\t\t\t\t\t\t\t\t\t<\/li>\n\t\t\t\t\t\t\t\t<li class=\"elementor-icon-list-item elementor-inline-item\">\n\t\t\t\t\t\t\t\t\t\t\t<span class=\"elementor-icon-list-icon\">\n\t\t\t\t\t\t\t<svg aria-hidden=\"true\" class=\"e-font-icon-svg e-fas-chevron-right\" viewbox=\"0 0 320 512\" xmlns=\"http:\/\/www.w3.org\/2000\/svg\"><path d=\"M285.476 272.971L91.132 467.314c-9.373 9.373-24.569 9.373-33.941 0l-22.667-22.667c-9.357-9.357-9.375-24.522-.04-33.901L188.505 256 34.484 101.255c-9.335-9.379-9.317-24.544.04-33.901l22.667-22.667c9.373-9.373 24.569-9.373 33.941 0L285.475 239.03c9.373 9.372 9.373 24.568.001 33.941z\"><\/path><\/svg>\t\t\t\t\t\t<\/span>\n\t\t\t\t\t\t\t\t\t\t<span class=\"elementor-icon-list-text\">Servicios<\/span>\n\t\t\t\t\t\t\t\t\t<\/li>\n\t\t\t\t\t\t\t\t<li class=\"elementor-icon-list-item elementor-inline-item\">\n\t\t\t\t\t\t\t\t\t\t\t<span class=\"elementor-icon-list-icon\">\n\t\t\t\t\t\t\t<svg aria-hidden=\"true\" class=\"e-font-icon-svg e-fas-chevron-right\" viewbox=\"0 0 320 512\" xmlns=\"http:\/\/www.w3.org\/2000\/svg\"><path d=\"M285.476 272.971L91.132 467.314c-9.373 9.373-24.569 9.373-33.941 0l-22.667-22.667c-9.357-9.357-9.375-24.522-.04-33.901L188.505 256 34.484 101.255c-9.335-9.379-9.317-24.544.04-33.901l22.667-22.667c9.373-9.373 24.569-9.373 33.941 0L285.475 239.03c9.373 9.372 9.373 24.568.001 33.941z\"><\/path><\/svg>\t\t\t\t\t\t<\/span>\n\t\t\t\t\t\t\t\t\t\t<span class=\"elementor-icon-list-text\">Terapia de masaje quiropr\u00e1ctico<\/span>\n\t\t\t\t\t\t\t\t\t<\/li>\n\t\t\t\t\t\t<\/ul>\n\t\t\t\t\t\t<\/div>\n\t\t\t\t<\/div>\n\t\t\t\t\t<\/div>\n\t\t\t\t<\/div>\n\t\t<div class=\"elementor-element elementor-element-52acb485 e-flex e-con-boxed e-con e-parent\" data-id=\"52acb485\" data-element_type=\"container\" data-e-type=\"container\">\n\t\t\t\t\t<div class=\"e-con-inner\">\n\t\t<div class=\"elementor-element elementor-element-9f08d67 e-con-full e-flex e-con e-child\" data-id=\"9f08d67\" data-element_type=\"container\" data-e-type=\"container\">\n\t\t<div class=\"elementor-element elementor-element-3907387 e-con-full e-flex e-con e-child\" data-id=\"3907387\" data-element_type=\"container\" data-e-type=\"container\" data-settings=\"{&quot;background_background&quot;:&quot;classic&quot;}\">\n\t\t<div class=\"elementor-element elementor-element-6112fafd e-con-full e-flex e-con e-child\" data-id=\"6112fafd\" data-element_type=\"container\" data-e-type=\"container\">\n\t\t\t\t<div class=\"elementor-element elementor-element-cc25fba elementor-widget elementor-widget-text-editor\" data-id=\"cc25fba\" data-element_type=\"widget\" data-e-type=\"widget\" data-widget_type=\"text-editor.default\">\n\t\t\t\t\t\t\t\t\t<p data-start=\"1112\" data-end=\"1208\"><em>Combinaci\u00f3n de ajustes quiropr\u00e1cticos con masajes terap\u00e9uticos.<\/em><\/p>\t\t\t\t\t\t\t\t<\/div>\n\t\t\t\t<\/div>\n\t\t\t\t<\/div>\n\t\t<div class=\"elementor-element elementor-element-3760a052 e-con-full e-flex elementor-invisible e-con e-child\" data-id=\"3760a052\" data-element_type=\"container\" data-e-type=\"container\" data-settings=\"{&quot;background_background&quot;:&quot;classic&quot;,&quot;animation&quot;:&quot;fadeInUp&quot;}\">\n\t\t\t\t<div class=\"elementor-element elementor-element-658819e6 elementor-absolute elementor-widget elementor-widget-image\" data-id=\"658819e6\" data-element_type=\"widget\" data-e-type=\"widget\" data-settings=\"{&quot;_position&quot;:&quot;absolute&quot;}\" data-widget_type=\"image.default\">\n\t\t\t\t\t\t\t\t\t\t\t\t\t\t\t<img decoding=\"async\" width=\"250\" height=\"98\" src=\"https:\/\/www.no2pain.com\/wp-content\/uploads\/2026\/02\/new-logo.png-1.png\" class=\"attachment-full size-full wp-image-263\" alt=\"\" \/>\t\t\t\t\t\t\t\t\t\t\t\t\t\t\t<\/div>\n\t\t\t\t<div class=\"elementor-element elementor-element-1fd71185 elementor-widget__width-initial elementor-widget elementor-widget-elementskit-heading\" data-id=\"1fd71185\" data-element_type=\"widget\" data-e-type=\"widget\" data-widget_type=\"elementskit-heading.default\">\n\t\t\t\t\t<div class=\"ekit-wid-con\" ><div class=\"ekit-heading elementskit-section-title-wraper text_left   ekit_heading_tablet-   ekit_heading_mobile-\"><h3 class=\"ekit-heading--title elementskit-section-title\">Descubre la Quiropr\u00e1ctica, Descubre la Salud<\/h3>\t\t\t\t<div class='ekit-heading__description'>\n\t\t\t\t\t<p>Experimente los beneficios del cuidado quiropr\u00e1ctico para una vida m\u00e1s saludable.<\/p>\n\t\t\t\t<\/div>\n\t\t\t<\/div><\/div>\t\t\t\t<\/div>\n\t\t\t\t<div class=\"elementor-element elementor-element-4fcbed04 animated-slow elementor-invisible elementor-widget elementor-widget-button\" data-id=\"4fcbed04\" data-element_type=\"widget\" data-e-type=\"widget\" data-settings=\"{&quot;_animation&quot;:&quot;fadeInUp&quot;,&quot;_animation_delay&quot;:720}\" data-widget_type=\"button.default\">\n\t\t\t\t\t\t\t\t\t\t<a class=\"elementor-button elementor-button-link elementor-size-sm\" href=\"https:\/\/www.no2pain.com\/es\/contacto\/\">\n\t\t\t\t\t\t<span class=\"elementor-button-content-wrapper\">\n\t\t\t\t\t\t\t\t\t<span class=\"elementor-button-text\">Reservar cita<\/span>\n\t\t\t\t\t<\/span>\n\t\t\t\t\t<\/a>\n\t\t\t\t\t\t\t\t<\/div>\n\t\t\t\t<\/div>\n\t\t<div class=\"elementor-element elementor-element-1fb6e79 e-con-full e-flex e-con e-child\" data-id=\"1fb6e79\" data-element_type=\"container\" data-e-type=\"container\" data-settings=\"{&quot;background_background&quot;:&quot;classic&quot;}\">\n\t\t<div class=\"elementor-element elementor-element-cbc6f34 e-con-full e-flex e-con e-child\" data-id=\"cbc6f34\" data-element_type=\"container\" data-e-type=\"container\">\n\t\t\t\t<div class=\"elementor-element elementor-element-567ca29 elementor-widget elementor-widget-text-editor\" data-id=\"567ca29\" data-element_type=\"widget\" data-e-type=\"widget\" data-widget_type=\"text-editor.default\">\n\t\t\t\t\t\t\t\t\t<p>Reduzca el dolor y la inflamaci\u00f3n de forma natural mediante una combinaci\u00f3n de masaje terap\u00e9utico y ajuste quiropr\u00e1ctico sin recurrir a la medicaci\u00f3n.<\/p>\t\t\t\t\t\t\t\t<\/div>\n\t\t\t\t<\/div>\n\t\t\t\t<\/div>\n\t\t\t\t<\/div>\n\t\t<div class=\"elementor-element elementor-element-1f2931cc e-con-full e-flex e-con e-child\" data-id=\"1f2931cc\" data-element_type=\"container\" data-e-type=\"container\">\n\t\t\t\t<div class=\"elementor-element elementor-element-60ea6f03 elementor-widget-mobile__width-inherit elementor-invisible elementor-widget elementor-widget-heading\" data-id=\"60ea6f03\" data-element_type=\"widget\" data-e-type=\"widget\" data-settings=\"{&quot;_animation&quot;:&quot;fadeInUp&quot;}\" data-widget_type=\"heading.default\">\n\t\t\t\t\t<h2 class=\"elementor-heading-title elementor-size-default\">Alivio integral del dolor y recuperaci\u00f3n<\/h2>\t\t\t\t<\/div>\n\t\t\t\t<div class=\"elementor-element elementor-element-6b99122 elementor-widget elementor-widget-text-editor\" data-id=\"6b99122\" data-element_type=\"widget\" data-e-type=\"widget\" data-widget_type=\"text-editor.default\">\n\t\t\t\t\t\t\t\t\t<p>Tanto si padece dolor cr\u00f3nico como si necesita superar una lesi\u00f3n de forma m\u00e1s r\u00e1pida y completa, la terapia de masaje quiropr\u00e1ctico podr\u00eda ser justo lo que ha pedido el quiropr\u00e1ctico. La h\u00e1bil combinaci\u00f3n de ajuste quiropr\u00e1ctico y t\u00e9cnicas de masaje terap\u00e9utico puede ayudarle a combatir el dolor sin medicamentos, aumentar su amplitud de movimiento y disfrutar de un mayor nivel general de salud. Eche un vistazo a c\u00f3mo la terapia de masaje quiropr\u00e1ctico puede ayudarle a superar sus retos particulares.<\/p>\t\t\t\t\t\t\t\t<\/div>\n\t\t\t\t<div class=\"elementor-element elementor-element-597cb62 elementor-widget-mobile__width-inherit elementor-invisible elementor-widget elementor-widget-heading\" data-id=\"597cb62\" data-element_type=\"widget\" data-e-type=\"widget\" data-settings=\"{&quot;_animation&quot;:&quot;fadeInUp&quot;}\" data-widget_type=\"heading.default\">\n\t\t\t\t\t<h2 class=\"elementor-heading-title elementor-size-default\">Masaje curativo y antidolor<\/h2>\t\t\t\t<\/div>\n\t\t\t\t<div class=\"elementor-element elementor-element-19c8d504 elementor-widget elementor-widget-text-editor\" data-id=\"19c8d504\" data-element_type=\"widget\" data-e-type=\"widget\" data-widget_type=\"text-editor.default\">\n\t\t\t\t\t\t\t\t\t<p>El masaje tiene una larga y distinguida historia como modalidad terap\u00e9utica de eficacia probada. La manipulaci\u00f3n de los tejidos blandos puede aumentar el flujo sangu\u00edneo y linf\u00e1tico, relajar los m\u00fasculos y tendones tensos y ayudar a que una parte del cuerpo lesionada se cure m\u00e1s f\u00e1cilmente, al tiempo que se libera de sustancias inflamatorias con mayor eficacia.<\/p><p>Las distintas formas de masaje responden a diferentes necesidades de salud y bienestar. El masaje sueco, por ejemplo, alivia y relaja los tejidos superficiales, mientras que el masaje de tejidos profundos rompe el tejido cicatricial interno y trata los problemas cr\u00f3nicos m\u00e1s cercanos a los huesos. El masaje de puntos gatillo alivia los nudos musculares que pueden causar dolor en todo el cuerpo. El masaje deportivo puede utilizar cualquiera de estas t\u00e9cnicas para trabajar m\u00fasculos espec\u00edficos que deben rendir al m\u00e1ximo o recuperarse de un uso excesivo. El Dr. Chica puede prescribir la terapia de masaje para tratar problemas tales como:<\/p><ul><li>Esguinces y distensiones agudas<\/li><li>Dolor musculoesquel\u00e9tico cr\u00f3nico<\/li><li>Problemas de sue\u00f1o<\/li><li>S\u00edndrome del t\u00fanel carpiano y otras lesiones por movimientos repetitivos<\/li><li>Inflamaci\u00f3n artr\u00edtica<\/li><li>Trastornos circulatorios<\/li><li>Trastornos del estado de \u00e1nimo<\/li><li>Molestias prenatales<\/li><li>Cefaleas cr\u00f3nicas<\/li><li>Dolor de cuello o espalda<\/li><\/ul>\t\t\t\t\t\t\t\t<\/div>\n\t\t\t\t<div class=\"elementor-element elementor-element-564cfe45 gallery-spacing-custom elementor-widget elementor-widget-image-gallery\" data-id=\"564cfe45\" data-element_type=\"widget\" data-e-type=\"widget\" data-widget_type=\"image-gallery.default\">\n\t\t\t\t\t\t\t<div class=\"elementor-image-gallery\">\n\t\t\t<div id='gallery-1' class='gallery galleryid-1026 gallery-columns-2 gallery-size-full'><figure class='gallery-item'>\n\t\t\t<div class='gallery-icon landscape'>\n\t\t\t\t<a data-elementor-open-lightbox=\"yes\" data-elementor-lightbox-slideshow=\"564cfe45\" data-elementor-lightbox-title=\"hf_20260224_175109_eb5eb23c-42c8-4c5b-88ee-4a63c0b7274d\" data-e-action-hash=\"#elementor-action%3Aaction%3Dlightbox%26settings%3DeyJpZCI6MTAyOCwidXJsIjoiaHR0cHM6XC9cL3d3dy5ubzJwYWluLmNvbVwvd3AtY29udGVudFwvdXBsb2Fkc1wvMjAyNlwvMDJcL2hmXzIwMjYwMjI0XzE3NTEwOV9lYjVlYjIzYy00MmM4LTRjNWItODhlZS00YTYzYzBiNzI3NGQuanBlZyIsInNsaWRlc2hvdyI6IjU2NGNmZTQ1In0%3D\" href='https:\/\/www.no2pain.com\/wp-content\/uploads\/2026\/02\/hf_20260224_175109_eb5eb23c-42c8-4c5b-88ee-4a63c0b7274d.jpeg'><img fetchpriority=\"high\" decoding=\"async\" width=\"1152\" height=\"928\" src=\"https:\/\/www.no2pain.com\/wp-content\/uploads\/2026\/02\/hf_20260224_175109_eb5eb23c-42c8-4c5b-88ee-4a63c0b7274d.jpeg\" class=\"attachment-full size-full\" alt=\"\" srcset=\"https:\/\/www.no2pain.com\/wp-content\/uploads\/2026\/02\/hf_20260224_175109_eb5eb23c-42c8-4c5b-88ee-4a63c0b7274d.jpeg 1152w, https:\/\/www.no2pain.com\/wp-content\/uploads\/2026\/02\/hf_20260224_175109_eb5eb23c-42c8-4c5b-88ee-4a63c0b7274d-300x242.jpeg 300w, https:\/\/www.no2pain.com\/wp-content\/uploads\/2026\/02\/hf_20260224_175109_eb5eb23c-42c8-4c5b-88ee-4a63c0b7274d-1024x825.jpeg 1024w, https:\/\/www.no2pain.com\/wp-content\/uploads\/2026\/02\/hf_20260224_175109_eb5eb23c-42c8-4c5b-88ee-4a63c0b7274d-768x619.jpeg 768w, https:\/\/www.no2pain.com\/wp-content\/uploads\/2026\/02\/hf_20260224_175109_eb5eb23c-42c8-4c5b-88ee-4a63c0b7274d-15x12.jpeg 15w\" sizes=\"(max-width: 1152px) 100vw, 1152px\" \/><\/a>\n\t\t\t<\/div><\/figure><figure class='gallery-item'>\n\t\t\t<div class='gallery-icon landscape'>\n\t\t\t\t<a data-elementor-open-lightbox=\"yes\" data-elementor-lightbox-slideshow=\"564cfe45\" data-elementor-lightbox-title=\"hf_20260224_175524_ba62c607-8f0e-4775-8eaf-52a33647adfa\" data-e-action-hash=\"#elementor-action%3Aaction%3Dlightbox%26settings%3DeyJpZCI6MTAyOSwidXJsIjoiaHR0cHM6XC9cL3d3dy5ubzJwYWluLmNvbVwvd3AtY29udGVudFwvdXBsb2Fkc1wvMjAyNlwvMDJcL2hmXzIwMjYwMjI0XzE3NTUyNF9iYTYyYzYwNy04ZjBlLTQ3NzUtOGVhZi01MmEzMzY0N2FkZmEuanBlZyIsInNsaWRlc2hvdyI6IjU2NGNmZTQ1In0%3D\" href='https:\/\/www.no2pain.com\/wp-content\/uploads\/2026\/02\/hf_20260224_175524_ba62c607-8f0e-4775-8eaf-52a33647adfa.jpeg'><img decoding=\"async\" width=\"1152\" height=\"928\" src=\"https:\/\/www.no2pain.com\/wp-content\/uploads\/2026\/02\/hf_20260224_175524_ba62c607-8f0e-4775-8eaf-52a33647adfa.jpeg\" class=\"attachment-full size-full\" alt=\"\" srcset=\"https:\/\/www.no2pain.com\/wp-content\/uploads\/2026\/02\/hf_20260224_175524_ba62c607-8f0e-4775-8eaf-52a33647adfa.jpeg 1152w, https:\/\/www.no2pain.com\/wp-content\/uploads\/2026\/02\/hf_20260224_175524_ba62c607-8f0e-4775-8eaf-52a33647adfa-300x242.jpeg 300w, https:\/\/www.no2pain.com\/wp-content\/uploads\/2026\/02\/hf_20260224_175524_ba62c607-8f0e-4775-8eaf-52a33647adfa-1024x825.jpeg 1024w, https:\/\/www.no2pain.com\/wp-content\/uploads\/2026\/02\/hf_20260224_175524_ba62c607-8f0e-4775-8eaf-52a33647adfa-768x619.jpeg 768w, https:\/\/www.no2pain.com\/wp-content\/uploads\/2026\/02\/hf_20260224_175524_ba62c607-8f0e-4775-8eaf-52a33647adfa-15x12.jpeg 15w\" sizes=\"(max-width: 1152px) 100vw, 1152px\" \/><\/a>\n\t\t\t<\/div><\/figure>\n\t\t<\/div>\n\t\t<\/div>\n\t\t\t\t\t\t<\/div>\n\t\t\t\t<div class=\"elementor-element elementor-element-1a984aa3 elementor-widget elementor-widget-text-editor\" data-id=\"1a984aa3\" data-element_type=\"widget\" data-e-type=\"widget\" data-widget_type=\"text-editor.default\">\n\t\t\t\t\t\t\t\t\t<p>La terapia de masaje tambi\u00e9n puede promover su bienestar continuo. La mejora del flujo sangu\u00edneo, el funcionamiento de los \u00f3rganos y el drenaje de l\u00edquidos puede ayudarle a disfrutar de una respuesta m\u00e1s fuerte del sistema inmunitario, mientras que los m\u00fasculos relajados son menos propensos a las lesiones.<\/p>\t\t\t\t\t\t\t\t<\/div>\n\t\t\t\t<\/div>\n\t\t\t\t\t<\/div>\n\t\t\t\t<\/div>\n\t\t<div class=\"elementor-element elementor-element-61fafcc e-flex e-con-boxed e-con e-parent\" data-id=\"61fafcc\" data-element_type=\"container\" data-e-type=\"container\" data-settings=\"{&quot;background_background&quot;:&quot;classic&quot;}\">\n\t\t\t\t\t<div class=\"e-con-inner\">\n\t\t<div class=\"elementor-element elementor-element-65ac15e e-con-full e-flex e-con e-child\" data-id=\"65ac15e\" data-element_type=\"container\" data-e-type=\"container\">\n\t\t\t\t<div class=\"elementor-element elementor-element-2c3c210 elementor-widget elementor-widget-heading\" data-id=\"2c3c210\" data-element_type=\"widget\" data-e-type=\"widget\" data-settings=\"{&quot;_animation&quot;:&quot;none&quot;}\" data-widget_type=\"heading.default\">\n\t\t\t\t\t<h2 class=\"elementor-heading-title elementor-size-default\">Qu\u00e9 esperar de la terapia de masaje quiropr\u00e1ctico en Columbia Pike Quiropr\u00e1ctica<\/h2>\t\t\t\t<\/div>\n\t\t\t\t<div class=\"elementor-element elementor-element-d59bae8 elementor-widget elementor-widget-text-editor\" data-id=\"d59bae8\" data-element_type=\"widget\" data-e-type=\"widget\" data-widget_type=\"text-editor.default\">\n\t\t\t\t\t\t\t\t\t<p>El cuidado quiropr\u00e1ctico y el masaje funcionan extraordinariamente bien juntos. El masaje relaja el cuerpo para que los m\u00fasculos no se resistan a los ajustes quiropr\u00e1cticos, lo que produce resultados m\u00e1s satisfactorios en las sesiones de ajuste. Al mismo tiempo, la realineaci\u00f3n de los componentes articulares elimina una fuente de tensi\u00f3n que, de otro modo, podr\u00eda provocar tensi\u00f3n y dolor musculoesquel\u00e9tico cr\u00f3nico.\u00a0<\/p><p>El Dra. Chica puede programarle una terapia de masaje inmediatamente antes de sus ajustes quiropr\u00e1cticos para que aproveche al m\u00e1ximo los beneficios de esta combinaci\u00f3n. Las sesiones continuas pueden resultar m\u00e1s \u00fatiles si usted sufre de una condici\u00f3n de dolor cr\u00f3nico.<\/p><p><strong>M\u00faltiples sesiones suelen ofrecer los mayores beneficios para el tratamiento de lesiones tambi\u00e9n. P\u00f3ngase en contacto con nuestro equipo en (703) 379-6300 para programar la terapia de masaje.<\/strong><\/p>\t\t\t\t\t\t\t\t<\/div>\n\t\t\t\t<\/div>\n\t\t\t\t\t<\/div>\n\t\t\t\t<\/div>\n\t\t<div class=\"elementor-element elementor-element-95ca048 e-flex e-con-boxed e-con e-parent\" data-id=\"95ca048\" data-element_type=\"container\" data-e-type=\"container\" data-settings=\"{&quot;background_background&quot;:&quot;classic&quot;}\">\n\t\t\t\t\t<div class=\"e-con-inner\">\n\t\t<div class=\"elementor-element elementor-element-f0a098b e-con-full animated-slow e-flex elementor-invisible e-con e-child\" data-id=\"f0a098b\" data-element_type=\"container\" data-e-type=\"container\" data-settings=\"{&quot;background_background&quot;:&quot;gradient&quot;,&quot;animation&quot;:&quot;fadeInUp&quot;}\">\n\t\t\t\t<div class=\"elementor-element elementor-element-512d961 elementor-invisible elementor-widget elementor-widget-heading\" data-id=\"512d961\" data-element_type=\"widget\" data-e-type=\"widget\" data-settings=\"{&quot;_animation&quot;:&quot;fadeInDown&quot;}\" data-widget_type=\"heading.default\">\n\t\t\t\t\t<h2 class=\"elementor-heading-title elementor-size-default\">Tome hoy el control de su salud<\/h2>\t\t\t\t<\/div>\n\t\t\t\t<div class=\"elementor-element elementor-element-2f53d89 elementor-invisible elementor-widget elementor-widget-text-editor\" data-id=\"2f53d89\" data-element_type=\"widget\" data-e-type=\"widget\" data-settings=\"{&quot;_animation&quot;:&quot;fadeInUp&quot;}\" data-widget_type=\"text-editor.default\">\n\t\t\t\t\t\t\t\t\t<p>No dejes que el dolor te frene por m\u00e1s tiempo. Programe su cita ahora y comience su viaje hacia un alivio duradero, un mejor movimiento y una vida m\u00e1s saludable y sin dolor.<\/p>\t\t\t\t\t\t\t\t<\/div>\n\t\t\t\t<div class=\"elementor-element elementor-element-9700338 elementor-align-center elementor-invisible elementor-widget elementor-widget-button\" data-id=\"9700338\" data-element_type=\"widget\" data-e-type=\"widget\" data-settings=\"{&quot;_animation&quot;:&quot;fadeIn&quot;,&quot;_animation_delay&quot;:720}\" data-widget_type=\"button.default\">\n\t\t\t\t\t\t\t\t\t\t<a class=\"elementor-button elementor-button-link elementor-size-sm\" href=\"https:\/\/www.no2pain.com\/es\/contacto\/\">\n\t\t\t\t\t\t<span class=\"elementor-button-content-wrapper\">\n\t\t\t\t\t\t<span class=\"elementor-button-icon\">\n\t\t\t\t<i aria-hidden=\"true\" class=\"mdi mdi-chevron-right\"><\/i>\t\t\t<\/span>\n\t\t\t\t\t\t\t\t\t<span class=\"elementor-button-text\">Programar ahora<\/span>\n\t\t\t\t\t<\/span>\n\t\t\t\t\t<\/a>\n\t\t\t\t\t\t\t\t<\/div>\n\t\t\t\t<\/div>\n\t\t\t\t\t<\/div>\n\t\t\t\t<\/div>\n\t\t\t\t<\/div>","protected":false},"excerpt":{"rendered":"<p>Chiropractic Massage Therapy Home Services Chiropractic Massage Therapy Combining chiropractic adjustments with therapeutic massage. Discover Chiropractic, Discover Health Experience the Benefits of Chiropractic Care for a Healthier Life. Book Appointment Reduce pain and inflammation naturally through a combination of therapeutic massage and chiropractic adjustment without relying on medication. Comprehensive Pain Relief &amp; Recovery Whether you [&hellip;]<\/p>\n","protected":false},"author":1,"featured_media":0,"parent":0,"menu_order":0,"comment_status":"closed","ping_status":"closed","template":"elementor_header_footer","meta":{"footnotes":""},"class_list":["post-1026","page","type-page","status-publish","hentry"],"_links":{"self":[{"href":"https:\/\/www.no2pain.com\/es\/wp-json\/wp\/v2\/pages\/1026","targetHints":{"allow":["GET"]}}],"collection":[{"href":"https:\/\/www.no2pain.com\/es\/wp-json\/wp\/v2\/pages"}],"about":[{"href":"https:\/\/www.no2pain.com\/es\/wp-json\/wp\/v2\/types\/page"}],"author":[{"embeddable":true,"href":"https:\/\/www.no2pain.com\/es\/wp-json\/wp\/v2\/users\/1"}],"replies":[{"embeddable":true,"href":"https:\/\/www.no2pain.com\/es\/wp-json\/wp\/v2\/comments?post=1026"}],"version-history":[{"count":10,"href":"https:\/\/www.no2pain.com\/es\/wp-json\/wp\/v2\/pages\/1026\/revisions"}],"predecessor-version":[{"id":1178,"href":"https:\/\/www.no2pain.com\/es\/wp-json\/wp\/v2\/pages\/1026\/revisions\/1178"}],"wp:attachment":[{"href":"https:\/\/www.no2pain.com\/es\/wp-json\/wp\/v2\/media?parent=1026"}],"curies":[{"name":"wp","href":"https:\/\/api.w.org\/{rel}","templated":true}]}}