{"id":999,"date":"2026-02-20T17:47:43","date_gmt":"2026-02-20T17:47:43","guid":{"rendered":"https:\/\/www.no2pain.com\/?page_id=999"},"modified":"2026-02-25T17:02:42","modified_gmt":"2026-02-25T17:02:42","slug":"latigazo-cervical","status":"publish","type":"page","link":"https:\/\/www.no2pain.com\/es\/whiplash\/","title":{"rendered":"Latigazo cervical"},"content":{"rendered":"<div data-elementor-type=\"wp-page\" data-elementor-id=\"999\" class=\"elementor elementor-999\" data-elementor-post-type=\"page\">\n\t\t\t\t<div class=\"elementor-element elementor-element-e8fea79 e-flex e-con-boxed e-con e-parent\" data-id=\"e8fea79\" data-element_type=\"container\" data-e-type=\"container\" data-settings=\"{&quot;background_background&quot;:&quot;classic&quot;}\">\n\t\t\t\t\t<div class=\"e-con-inner\">\n\t\t<div class=\"elementor-element elementor-element-2a2d348 e-con-full e-flex e-con e-child\" data-id=\"2a2d348\" data-element_type=\"container\" data-e-type=\"container\" data-settings=\"{&quot;background_background&quot;:&quot;classic&quot;}\">\n\t\t\t\t<div class=\"elementor-element elementor-element-0215607 elementor-invisible elementor-widget elementor-widget-heading\" data-id=\"0215607\" data-element_type=\"widget\" data-e-type=\"widget\" data-settings=\"{&quot;_animation&quot;:&quot;fadeInLeft&quot;}\" data-widget_type=\"heading.default\">\n\t\t\t\t\t<h2 class=\"elementor-heading-title elementor-size-default\">Latigazo cervical<\/h2>\t\t\t\t<\/div>\n\t\t\t\t<div class=\"elementor-element elementor-element-dcdb1bf elementor-icon-list--layout-inline elementor-list-item-link-full_width elementor-invisible elementor-widget elementor-widget-icon-list\" data-id=\"dcdb1bf\" data-element_type=\"widget\" data-e-type=\"widget\" data-settings=\"{&quot;_animation&quot;:&quot;fadeInLeft&quot;,&quot;_animation_delay&quot;:480}\" data-widget_type=\"icon-list.default\">\n\t\t\t\t\t\t\t<ul class=\"elementor-icon-list-items elementor-inline-items\">\n\t\t\t\t\t\t\t<li class=\"elementor-icon-list-item elementor-inline-item\">\n\t\t\t\t\t\t\t\t\t\t\t<a href=\"#\">\n\n\t\t\t\t\t\t\t\t\t\t\t<span class=\"elementor-icon-list-text\">Inicio<\/span>\n\t\t\t\t\t\t\t\t\t\t\t<\/a>\n\t\t\t\t\t\t\t\t\t<\/li>\n\t\t\t\t\t\t\t\t<li class=\"elementor-icon-list-item elementor-inline-item\">\n\t\t\t\t\t\t\t\t\t\t\t<span class=\"elementor-icon-list-icon\">\n\t\t\t\t\t\t\t<svg aria-hidden=\"true\" class=\"e-font-icon-svg e-fas-chevron-right\" viewbox=\"0 0 320 512\" xmlns=\"http:\/\/www.w3.org\/2000\/svg\"><path d=\"M285.476 272.971L91.132 467.314c-9.373 9.373-24.569 9.373-33.941 0l-22.667-22.667c-9.357-9.357-9.375-24.522-.04-33.901L188.505 256 34.484 101.255c-9.335-9.379-9.317-24.544.04-33.901l22.667-22.667c9.373-9.373 24.569-9.373 33.941 0L285.475 239.03c9.373 9.372 9.373 24.568.001 33.941z\"><\/path><\/svg>\t\t\t\t\t\t<\/span>\n\t\t\t\t\t\t\t\t\t\t<span class=\"elementor-icon-list-text\">Servicios<\/span>\n\t\t\t\t\t\t\t\t\t<\/li>\n\t\t\t\t\t\t\t\t<li class=\"elementor-icon-list-item elementor-inline-item\">\n\t\t\t\t\t\t\t\t\t\t\t<span class=\"elementor-icon-list-icon\">\n\t\t\t\t\t\t\t<svg aria-hidden=\"true\" class=\"e-font-icon-svg e-fas-chevron-right\" viewbox=\"0 0 320 512\" xmlns=\"http:\/\/www.w3.org\/2000\/svg\"><path d=\"M285.476 272.971L91.132 467.314c-9.373 9.373-24.569 9.373-33.941 0l-22.667-22.667c-9.357-9.357-9.375-24.522-.04-33.901L188.505 256 34.484 101.255c-9.335-9.379-9.317-24.544.04-33.901l22.667-22.667c9.373-9.373 24.569-9.373 33.941 0L285.475 239.03c9.373 9.372 9.373 24.568.001 33.941z\"><\/path><\/svg>\t\t\t\t\t\t<\/span>\n\t\t\t\t\t\t\t\t\t\t<span class=\"elementor-icon-list-text\">Latigazo cervical<\/span>\n\t\t\t\t\t\t\t\t\t<\/li>\n\t\t\t\t\t\t<\/ul>\n\t\t\t\t\t\t<\/div>\n\t\t\t\t<\/div>\n\t\t\t\t\t<\/div>\n\t\t\t\t<\/div>\n\t\t<div class=\"elementor-element elementor-element-52acb485 e-flex e-con-boxed e-con e-parent\" data-id=\"52acb485\" data-element_type=\"container\" data-e-type=\"container\">\n\t\t\t\t\t<div class=\"e-con-inner\">\n\t\t<div class=\"elementor-element elementor-element-9f08d67 e-con-full e-flex e-con e-child\" data-id=\"9f08d67\" data-element_type=\"container\" data-e-type=\"container\">\n\t\t<div class=\"elementor-element elementor-element-3907387 e-con-full e-flex e-con e-child\" data-id=\"3907387\" data-element_type=\"container\" data-e-type=\"container\" data-settings=\"{&quot;background_background&quot;:&quot;classic&quot;}\">\n\t\t<div class=\"elementor-element elementor-element-6112fafd e-con-full e-flex e-con e-child\" data-id=\"6112fafd\" data-element_type=\"container\" data-e-type=\"container\">\n\t\t\t\t<div class=\"elementor-element elementor-element-cc25fba elementor-widget elementor-widget-text-editor\" data-id=\"cc25fba\" data-element_type=\"widget\" data-e-type=\"widget\" data-widget_type=\"text-editor.default\">\n\t\t\t\t\t\t\t\t\t<p data-start=\"233\" data-end=\"403\"><em>Incluso los s\u00edntomas leves pueden indicar da\u00f1os subyacentes en los tejidos blandos o la columna vertebral. Una evaluaci\u00f3n precoz evita complicaciones a largo plazo.<\/em><\/p>\t\t\t\t\t\t\t\t<\/div>\n\t\t\t\t<\/div>\n\t\t\t\t<\/div>\n\t\t<div class=\"elementor-element elementor-element-3760a052 e-con-full e-flex elementor-invisible e-con e-child\" data-id=\"3760a052\" data-element_type=\"container\" data-e-type=\"container\" data-settings=\"{&quot;background_background&quot;:&quot;classic&quot;,&quot;animation&quot;:&quot;fadeInUp&quot;}\">\n\t\t\t\t<div class=\"elementor-element elementor-element-658819e6 elementor-absolute elementor-widget elementor-widget-image\" data-id=\"658819e6\" data-element_type=\"widget\" data-e-type=\"widget\" data-settings=\"{&quot;_position&quot;:&quot;absolute&quot;}\" data-widget_type=\"image.default\">\n\t\t\t\t\t\t\t\t\t\t\t\t\t\t\t<img decoding=\"async\" width=\"250\" height=\"98\" src=\"https:\/\/www.no2pain.com\/wp-content\/uploads\/2026\/02\/new-logo.png-1.png\" class=\"attachment-full size-full wp-image-263\" alt=\"\" \/>\t\t\t\t\t\t\t\t\t\t\t\t\t\t\t<\/div>\n\t\t\t\t<div class=\"elementor-element elementor-element-1fd71185 elementor-widget__width-initial elementor-widget elementor-widget-elementskit-heading\" data-id=\"1fd71185\" data-element_type=\"widget\" data-e-type=\"widget\" data-widget_type=\"elementskit-heading.default\">\n\t\t\t\t\t<div class=\"ekit-wid-con\" ><div class=\"ekit-heading elementskit-section-title-wraper text_left   ekit_heading_tablet-   ekit_heading_mobile-\"><h3 class=\"ekit-heading--title elementskit-section-title\">Descubre la Quiropr\u00e1ctica, Descubre la Salud<\/h3>\t\t\t\t<div class='ekit-heading__description'>\n\t\t\t\t\t<p>Experimente los beneficios del cuidado quiropr\u00e1ctico para una vida m\u00e1s saludable.<\/p>\n\t\t\t\t<\/div>\n\t\t\t<\/div><\/div>\t\t\t\t<\/div>\n\t\t\t\t<div class=\"elementor-element elementor-element-4fcbed04 animated-slow elementor-invisible elementor-widget elementor-widget-button\" data-id=\"4fcbed04\" data-element_type=\"widget\" data-e-type=\"widget\" data-settings=\"{&quot;_animation&quot;:&quot;fadeInUp&quot;,&quot;_animation_delay&quot;:720}\" data-widget_type=\"button.default\">\n\t\t\t\t\t\t\t\t\t\t<a class=\"elementor-button elementor-button-link elementor-size-sm\" href=\"https:\/\/www.no2pain.com\/es\/contacto\/\">\n\t\t\t\t\t\t<span class=\"elementor-button-content-wrapper\">\n\t\t\t\t\t\t\t\t\t<span class=\"elementor-button-text\">Reservar cita<\/span>\n\t\t\t\t\t<\/span>\n\t\t\t\t\t<\/a>\n\t\t\t\t\t\t\t\t<\/div>\n\t\t\t\t<\/div>\n\t\t<div class=\"elementor-element elementor-element-1fb6e79 e-con-full e-flex e-con e-child\" data-id=\"1fb6e79\" data-element_type=\"container\" data-e-type=\"container\" data-settings=\"{&quot;background_background&quot;:&quot;classic&quot;}\">\n\t\t<div class=\"elementor-element elementor-element-cbc6f34 e-con-full e-flex e-con e-child\" data-id=\"cbc6f34\" data-element_type=\"container\" data-e-type=\"container\">\n\t\t\t\t<div class=\"elementor-element elementor-element-567ca29 elementor-widget elementor-widget-text-editor\" data-id=\"567ca29\" data-element_type=\"widget\" data-e-type=\"widget\" data-widget_type=\"text-editor.default\">\n\t\t\t\t\t\t\t\t\t<p data-start=\"145\" data-end=\"496\">Las lesiones por latigazo cervical suelen implicar da\u00f1os en los ligamentos, distensiones musculares y desajustes de la columna vertebral que pueden no aparecer inmediatamente en las im\u00e1genes. Sin el tratamiento adecuado, la inflamaci\u00f3n y la irritaci\u00f3n nerviosa pueden empeorar, provocando dolor cr\u00f3nico y movilidad reducida. La atenci\u00f3n quiropr\u00e1ctica temprana ayuda a restaurar la alineaci\u00f3n, aliviar la presi\u00f3n nerviosa y favorecer una curaci\u00f3n m\u00e1s r\u00e1pida.<\/p>\t\t\t\t\t\t\t\t<\/div>\n\t\t\t\t<\/div>\n\t\t\t\t<\/div>\n\t\t\t\t<\/div>\n\t\t<div class=\"elementor-element elementor-element-1f2931cc e-con-full e-flex e-con e-child\" data-id=\"1f2931cc\" data-element_type=\"container\" data-e-type=\"container\">\n\t\t\t\t<div class=\"elementor-element elementor-element-60ea6f03 elementor-widget-mobile__width-inherit elementor-invisible elementor-widget elementor-widget-heading\" data-id=\"60ea6f03\" data-element_type=\"widget\" data-e-type=\"widget\" data-settings=\"{&quot;_animation&quot;:&quot;fadeInUp&quot;}\" data-widget_type=\"heading.default\">\n\t\t\t\t\t<h2 class=\"elementor-heading-title elementor-size-default\">\u00bfQu\u00e9 es el latigazo cervical?<\/h2>\t\t\t\t<\/div>\n\t\t\t\t<div class=\"elementor-element elementor-element-6b99122 elementor-widget elementor-widget-text-editor\" data-id=\"6b99122\" data-element_type=\"widget\" data-e-type=\"widget\" data-widget_type=\"text-editor.default\">\n\t\t\t\t\t\t\t\t\t<p>El latigazo cervical es una lesi\u00f3n que ocurre cuando el cuello se mueve de manera repentina y violenta hacia adelante y hacia atr\u00e1s. Puede producirse por movimientos hacia adelante, hacia atr\u00e1s o de lado a lado. El latigazo cervical da\u00f1a los m\u00fasculos, nervios, ligamentos y tejidos conectivos del cuello y la parte superior de la espalda, as\u00ed como los huesos de la columna y los discos que amortiguan la columna vertebral.\u00a0\u00a0<\/p>\t\t\t\t\t\t\t\t<\/div>\n\t\t\t\t<div class=\"elementor-element elementor-element-597cb62 elementor-widget-mobile__width-inherit elementor-invisible elementor-widget elementor-widget-heading\" data-id=\"597cb62\" data-element_type=\"widget\" data-e-type=\"widget\" data-settings=\"{&quot;_animation&quot;:&quot;fadeInUp&quot;}\" data-widget_type=\"heading.default\">\n\t\t\t\t\t<h2 class=\"elementor-heading-title elementor-size-default\">\u00bfQu\u00e9 causa el latigazo cervical?<\/h2>\t\t\t\t<\/div>\n\t\t\t\t<div class=\"elementor-element elementor-element-19c8d504 elementor-widget elementor-widget-text-editor\" data-id=\"19c8d504\" data-element_type=\"widget\" data-e-type=\"widget\" data-widget_type=\"text-editor.default\">\n\t\t\t\t\t\t\t\t\t<p>Los accidentes de coche por alcance son una causa frecuente de latigazo cervical, pero las lesiones sufridas en deportes de contacto, ca\u00eddas y otros tipos de traumatismos tambi\u00e9n pueden provocarlo.\u00a0<\/p><p>Es posible que los s\u00edntomas del latigazo cervical no se manifiesten inmediatamente despu\u00e9s de un accidente o lesi\u00f3n. En algunos casos, los s\u00edntomas no aparecen hasta pasadas semanas. En ocasiones, los s\u00edntomas pueden pasar desapercibidos y, por tanto, no tratarse durante bastante tiempo. Esto significa que no debe asumir que no est\u00e1 lesionado si se ha visto implicado en un accidente de tr\u00e1fico o ha sufrido una lesi\u00f3n que le ha sacudido la cabeza y el cuello.<\/p>\t\t\t\t\t\t\t\t<\/div>\n\t\t\t\t<div class=\"elementor-element elementor-element-564cfe45 gallery-spacing-custom elementor-widget elementor-widget-image-gallery\" data-id=\"564cfe45\" data-element_type=\"widget\" data-e-type=\"widget\" data-widget_type=\"image-gallery.default\">\n\t\t\t\t\t\t\t<div class=\"elementor-image-gallery\">\n\t\t\t<div id='gallery-1' class='gallery galleryid-999 gallery-columns-2 gallery-size-full'><figure class='gallery-item'>\n\t\t\t<div class='gallery-icon landscape'>\n\t\t\t\t<a data-elementor-open-lightbox=\"yes\" data-elementor-lightbox-slideshow=\"564cfe45\" data-elementor-lightbox-title=\"hf_20260220_173626_896a729d-36cb-4285-a936-2c162562645f\" data-e-action-hash=\"#elementor-action%3Aaction%3Dlightbox%26settings%3DeyJpZCI6MTAwMiwidXJsIjoiaHR0cHM6XC9cL3d3dy5ubzJwYWluLmNvbVwvd3AtY29udGVudFwvdXBsb2Fkc1wvMjAyNlwvMDJcL2hmXzIwMjYwMjIwXzE3MzYyNl84OTZhNzI5ZC0zNmNiLTQyODUtYTkzNi0yYzE2MjU2MjY0NWYuanBlZyIsInNsaWRlc2hvdyI6IjU2NGNmZTQ1In0%3D\" href='https:\/\/www.no2pain.com\/wp-content\/uploads\/2026\/02\/hf_20260220_173626_896a729d-36cb-4285-a936-2c162562645f.jpeg'><img fetchpriority=\"high\" decoding=\"async\" width=\"1152\" height=\"928\" src=\"https:\/\/www.no2pain.com\/wp-content\/uploads\/2026\/02\/hf_20260220_173626_896a729d-36cb-4285-a936-2c162562645f.jpeg\" class=\"attachment-full size-full\" alt=\"\" srcset=\"https:\/\/www.no2pain.com\/wp-content\/uploads\/2026\/02\/hf_20260220_173626_896a729d-36cb-4285-a936-2c162562645f.jpeg 1152w, https:\/\/www.no2pain.com\/wp-content\/uploads\/2026\/02\/hf_20260220_173626_896a729d-36cb-4285-a936-2c162562645f-300x242.jpeg 300w, https:\/\/www.no2pain.com\/wp-content\/uploads\/2026\/02\/hf_20260220_173626_896a729d-36cb-4285-a936-2c162562645f-1024x825.jpeg 1024w, https:\/\/www.no2pain.com\/wp-content\/uploads\/2026\/02\/hf_20260220_173626_896a729d-36cb-4285-a936-2c162562645f-768x619.jpeg 768w, https:\/\/www.no2pain.com\/wp-content\/uploads\/2026\/02\/hf_20260220_173626_896a729d-36cb-4285-a936-2c162562645f-15x12.jpeg 15w\" sizes=\"(max-width: 1152px) 100vw, 1152px\" \/><\/a>\n\t\t\t<\/div><\/figure><figure class='gallery-item'>\n\t\t\t<div class='gallery-icon landscape'>\n\t\t\t\t<a data-elementor-open-lightbox=\"yes\" data-elementor-lightbox-slideshow=\"564cfe45\" data-elementor-lightbox-title=\"hf_20260220_174132_56c8e582-0062-41f3-9080-dae8f14de917\" data-e-action-hash=\"#elementor-action%3Aaction%3Dlightbox%26settings%3DeyJpZCI6MTAwMywidXJsIjoiaHR0cHM6XC9cL3d3dy5ubzJwYWluLmNvbVwvd3AtY29udGVudFwvdXBsb2Fkc1wvMjAyNlwvMDJcL2hmXzIwMjYwMjIwXzE3NDEzMl81NmM4ZTU4Mi0wMDYyLTQxZjMtOTA4MC1kYWU4ZjE0ZGU5MTcuanBlZyIsInNsaWRlc2hvdyI6IjU2NGNmZTQ1In0%3D\" href='https:\/\/www.no2pain.com\/wp-content\/uploads\/2026\/02\/hf_20260220_174132_56c8e582-0062-41f3-9080-dae8f14de917.jpeg'><img decoding=\"async\" width=\"1152\" height=\"928\" src=\"https:\/\/www.no2pain.com\/wp-content\/uploads\/2026\/02\/hf_20260220_174132_56c8e582-0062-41f3-9080-dae8f14de917.jpeg\" class=\"attachment-full size-full\" alt=\"\" srcset=\"https:\/\/www.no2pain.com\/wp-content\/uploads\/2026\/02\/hf_20260220_174132_56c8e582-0062-41f3-9080-dae8f14de917.jpeg 1152w, https:\/\/www.no2pain.com\/wp-content\/uploads\/2026\/02\/hf_20260220_174132_56c8e582-0062-41f3-9080-dae8f14de917-300x242.jpeg 300w, https:\/\/www.no2pain.com\/wp-content\/uploads\/2026\/02\/hf_20260220_174132_56c8e582-0062-41f3-9080-dae8f14de917-1024x825.jpeg 1024w, https:\/\/www.no2pain.com\/wp-content\/uploads\/2026\/02\/hf_20260220_174132_56c8e582-0062-41f3-9080-dae8f14de917-768x619.jpeg 768w, https:\/\/www.no2pain.com\/wp-content\/uploads\/2026\/02\/hf_20260220_174132_56c8e582-0062-41f3-9080-dae8f14de917-15x12.jpeg 15w\" sizes=\"(max-width: 1152px) 100vw, 1152px\" \/><\/a>\n\t\t\t<\/div><\/figure>\n\t\t<\/div>\n\t\t<\/div>\n\t\t\t\t\t\t<\/div>\n\t\t\t\t<div class=\"elementor-element elementor-element-edcdaf1 elementor-widget-mobile__width-inherit elementor-invisible elementor-widget elementor-widget-heading\" data-id=\"edcdaf1\" data-element_type=\"widget\" data-e-type=\"widget\" data-settings=\"{&quot;_animation&quot;:&quot;fadeInUp&quot;}\" data-widget_type=\"heading.default\">\n\t\t\t\t\t<h2 class=\"elementor-heading-title elementor-size-default\">\u00bfCu\u00e1les son los s\u00edntomas del latigazo cervical?<\/h2>\t\t\t\t<\/div>\n\t\t\t\t<div class=\"elementor-element elementor-element-c217176 elementor-widget elementor-widget-text-editor\" data-id=\"c217176\" data-element_type=\"widget\" data-e-type=\"widget\" data-widget_type=\"text-editor.default\">\n\t\t\t\t\t\t\t\t\t<p><em>Las lesiones por latigazo cervical suelen incluir:<\/em><\/p><ul><li>Dolor y rigidez de cuello<\/li><li>Dolor que aumenta con el movimiento<\/li><li>Dolores de cabeza que comienzan en la base del cr\u00e1neo<\/li><li>Disminuci\u00f3n de la amplitud de movimiento en el cuello<\/li><li>Fatiga<\/li><li>Hormigueo en los brazos<\/li><li>Sensibilidad en la parte superior de la espalda y los hombros\u00a0<\/li><li>Dificultad de concentraci\u00f3n<\/li><li>Mareo o v\u00e9rtigo<\/li><li>Visi\u00f3n borrosa<\/li><li>Insomnio<\/li><li>Zumbidos en los o\u00eddos\u00a0<\/li><\/ul><div>\u00a0<\/div><p><em>Los s\u00edntomas var\u00edan de una persona a otra. Si el latigazo cervical fue causado por un accidente de tr\u00e1fico, la direcci\u00f3n del impacto, la velocidad de los veh\u00edculos, as\u00ed como su edad, sexo y condici\u00f3n f\u00edsica, desempe\u00f1ar\u00e1n un papel en la determinaci\u00f3n de sus s\u00edntomas.\u00a0<\/em><\/p>\t\t\t\t\t\t\t\t<\/div>\n\t\t\t\t<\/div>\n\t\t\t\t\t<\/div>\n\t\t\t\t<\/div>\n\t\t<div class=\"elementor-element elementor-element-61fafcc e-flex e-con-boxed e-con e-parent\" data-id=\"61fafcc\" data-element_type=\"container\" data-e-type=\"container\" data-settings=\"{&quot;background_background&quot;:&quot;classic&quot;}\">\n\t\t\t\t\t<div class=\"e-con-inner\">\n\t\t<div class=\"elementor-element elementor-element-65ac15e e-con-full e-flex e-con e-child\" data-id=\"65ac15e\" data-element_type=\"container\" data-e-type=\"container\">\n\t\t\t\t<div class=\"elementor-element elementor-element-24cddc4c elementor-widget elementor-widget-heading\" data-id=\"24cddc4c\" data-element_type=\"widget\" data-e-type=\"widget\" data-settings=\"{&quot;_animation&quot;:&quot;none&quot;}\" data-widget_type=\"heading.default\">\n\t\t\t\t\t<h2 class=\"elementor-heading-title elementor-size-default\">Beneficios del tratamiento quiropr\u00e1ctico para el latigazo cervical<\/h2>\t\t\t\t<\/div>\n\t\t\t\t<div class=\"elementor-element elementor-element-1a984aa3 elementor-widget elementor-widget-text-editor\" data-id=\"1a984aa3\" data-element_type=\"widget\" data-e-type=\"widget\" data-widget_type=\"text-editor.default\">\n\t\t\t\t\t\t\t\t\t<p>Las lesiones por latigazo cervical suelen provocar da\u00f1os en ligamentos, m\u00fasculos, tendones y sistema nervioso. Tambi\u00e9n puede causar desalineaciones de la columna cervical, como v\u00e9rtebras dislocadas y hernias discales. Estos problemas ejercen presi\u00f3n sobre los nervios que se ramifican desde la columna vertebral, causando a\u00fan m\u00e1s dolor y malestar.\u00a0<\/p><p>Nuestro equipo en Columbia Pike Quiropr\u00e1ctica trabaja para restaurar su movimiento y corregir la posici\u00f3n de las v\u00e9rtebras que se interrumpi\u00f3 en el accidente. Mediante la restauraci\u00f3n de las v\u00e9rtebras y los discos a las posiciones correctas, las ra\u00edces nerviosas atrapadas se liberan, lo que resulta en la funci\u00f3n libre de dolor. Nuestra oficina en Arlington utiliza la manipulaci\u00f3n manual, terapia de masaje, terapia de puntos gatillo, rehabilitaci\u00f3n de ejercicios y rehabilitaci\u00f3n de tejidos blandos para hacer frente a su lesi\u00f3n de latigazo cervical.\u00a0<\/p>\t\t\t\t\t\t\t\t<\/div>\n\t\t\t\t<div class=\"elementor-element elementor-element-2c3c210 elementor-widget elementor-widget-heading\" data-id=\"2c3c210\" data-element_type=\"widget\" data-e-type=\"widget\" data-settings=\"{&quot;_animation&quot;:&quot;none&quot;}\" data-widget_type=\"heading.default\">\n\t\t\t\t\t<h2 class=\"elementor-heading-title elementor-size-default\">El latigazo cervical y su calidad de vida<\/h2>\t\t\t\t<\/div>\n\t\t\t\t<div class=\"elementor-element elementor-element-d59bae8 elementor-widget elementor-widget-text-editor\" data-id=\"d59bae8\" data-element_type=\"widget\" data-e-type=\"widget\" data-widget_type=\"text-editor.default\">\n\t\t\t\t\t\t\t\t\t<p>Algunas personas se recuperan del latigazo cervical sin intervenci\u00f3n m\u00e9dica. Sin embargo, para muchos, el latigazo cervical afecta significativamente a su calidad de vida. Los s\u00edntomas del latigazo cervical pueden persistir durante a\u00f1os si no se tratan poco despu\u00e9s del accidente.<\/p>\t\t\t\t\t\t\t\t<\/div>\n\t\t\t\t<\/div>\n\t\t\t\t<div class=\"elementor-element elementor-element-798b0c2 elementor-widget elementor-widget-text-editor\" data-id=\"798b0c2\" data-element_type=\"widget\" data-e-type=\"widget\" data-widget_type=\"text-editor.default\">\n\t\t\t\t\t\t\t\t\t<p><em><strong>Si usted ha estado involucrado en un accidente, p\u00f3ngase en contacto con nosotros en (703) 379-6300 para una evaluaci\u00f3n.<\/strong><\/em><\/p>\t\t\t\t\t\t\t\t<\/div>\n\t\t\t\t\t<\/div>\n\t\t\t\t<\/div>\n\t\t<div class=\"elementor-element elementor-element-95ca048 e-flex e-con-boxed e-con e-parent\" data-id=\"95ca048\" data-element_type=\"container\" data-e-type=\"container\" data-settings=\"{&quot;background_background&quot;:&quot;classic&quot;}\">\n\t\t\t\t\t<div class=\"e-con-inner\">\n\t\t<div class=\"elementor-element elementor-element-f0a098b e-con-full animated-slow e-flex elementor-invisible e-con e-child\" data-id=\"f0a098b\" data-element_type=\"container\" data-e-type=\"container\" data-settings=\"{&quot;background_background&quot;:&quot;gradient&quot;,&quot;animation&quot;:&quot;fadeInUp&quot;}\">\n\t\t\t\t<div class=\"elementor-element elementor-element-512d961 elementor-invisible elementor-widget elementor-widget-heading\" data-id=\"512d961\" data-element_type=\"widget\" data-e-type=\"widget\" data-settings=\"{&quot;_animation&quot;:&quot;fadeInDown&quot;}\" data-widget_type=\"heading.default\">\n\t\t\t\t\t<h2 class=\"elementor-heading-title elementor-size-default\">Tome hoy el control de su salud<\/h2>\t\t\t\t<\/div>\n\t\t\t\t<div class=\"elementor-element elementor-element-2f53d89 elementor-invisible elementor-widget elementor-widget-text-editor\" data-id=\"2f53d89\" data-element_type=\"widget\" data-e-type=\"widget\" data-settings=\"{&quot;_animation&quot;:&quot;fadeInUp&quot;}\" data-widget_type=\"text-editor.default\">\n\t\t\t\t\t\t\t\t\t<p>No dejes que el dolor te frene por m\u00e1s tiempo. Programe su cita ahora y comience su viaje hacia un alivio duradero, un mejor movimiento y una vida m\u00e1s saludable y sin dolor.<\/p>\t\t\t\t\t\t\t\t<\/div>\n\t\t\t\t<div class=\"elementor-element elementor-element-9700338 elementor-align-center elementor-invisible elementor-widget elementor-widget-button\" data-id=\"9700338\" data-element_type=\"widget\" data-e-type=\"widget\" data-settings=\"{&quot;_animation&quot;:&quot;fadeIn&quot;,&quot;_animation_delay&quot;:720}\" data-widget_type=\"button.default\">\n\t\t\t\t\t\t\t\t\t\t<a class=\"elementor-button elementor-button-link elementor-size-sm\" href=\"https:\/\/www.no2pain.com\/es\/contacto\/\">\n\t\t\t\t\t\t<span class=\"elementor-button-content-wrapper\">\n\t\t\t\t\t\t<span class=\"elementor-button-icon\">\n\t\t\t\t<i aria-hidden=\"true\" class=\"mdi mdi-chevron-right\"><\/i>\t\t\t<\/span>\n\t\t\t\t\t\t\t\t\t<span class=\"elementor-button-text\">Programar ahora<\/span>\n\t\t\t\t\t<\/span>\n\t\t\t\t\t<\/a>\n\t\t\t\t\t\t\t\t<\/div>\n\t\t\t\t<\/div>\n\t\t\t\t\t<\/div>\n\t\t\t\t<\/div>\n\t\t\t\t<\/div>","protected":false},"excerpt":{"rendered":"<p>Whiplash Home Services Whiplash Even mild symptoms can indicate underlying soft tissue or spinal damage. Early evaluation prevents long-term complications. Discover Chiropractic, Discover Health Experience the Benefits of Chiropractic Care for a Healthier Life. Book Appointment Whiplash injuries often involve ligament damage, muscle strain, and spinal misalignments that may not immediately appear on imaging. Without [&hellip;]<\/p>\n","protected":false},"author":1,"featured_media":0,"parent":0,"menu_order":0,"comment_status":"closed","ping_status":"closed","template":"elementor_header_footer","meta":{"footnotes":""},"class_list":["post-999","page","type-page","status-publish","hentry"],"_links":{"self":[{"href":"https:\/\/www.no2pain.com\/es\/wp-json\/wp\/v2\/pages\/999","targetHints":{"allow":["GET"]}}],"collection":[{"href":"https:\/\/www.no2pain.com\/es\/wp-json\/wp\/v2\/pages"}],"about":[{"href":"https:\/\/www.no2pain.com\/es\/wp-json\/wp\/v2\/types\/page"}],"author":[{"embeddable":true,"href":"https:\/\/www.no2pain.com\/es\/wp-json\/wp\/v2\/users\/1"}],"replies":[{"embeddable":true,"href":"https:\/\/www.no2pain.com\/es\/wp-json\/wp\/v2\/comments?post=999"}],"version-history":[{"count":10,"href":"https:\/\/www.no2pain.com\/es\/wp-json\/wp\/v2\/pages\/999\/revisions"}],"predecessor-version":[{"id":1184,"href":"https:\/\/www.no2pain.com\/es\/wp-json\/wp\/v2\/pages\/999\/revisions\/1184"}],"wp:attachment":[{"href":"https:\/\/www.no2pain.com\/es\/wp-json\/wp\/v2\/media?parent=999"}],"curies":[{"name":"wp","href":"https:\/\/api.w.org\/{rel}","templated":true}]}}